{"id":5820,"date":"2025-08-01T12:56:58","date_gmt":"2025-08-01T12:56:58","guid":{"rendered":"https:\/\/maatchop.com\/?post_type=product&#038;p=5820"},"modified":"2025-08-13T18:21:21","modified_gmt":"2025-08-13T18:21:21","slug":"marmites-couleur-argent-rond","status":"publish","type":"product","link":"https:\/\/maatchop.com\/en\/product\/marmites-couleur-argent-rond\/","title":{"rendered":"Marmites couleur argent rond"},"content":{"rendered":"","protected":false},"excerpt":{"rendered":"<p>6.9 L<\/p>\n<p>Location \u00e0 la journ\u00e9e et \u00e0 l&rsquo;unit\u00e9<\/p>","protected":false},"featured_media":5821,"comment_status":"open","ping_status":"closed","template":"","meta":{"_surecart_dashboard_logo_width":"180px","_surecart_dashboard_show_logo":true,"_surecart_dashboard_navigation_orders":true,"_surecart_dashboard_navigation_invoices":true,"_surecart_dashboard_navigation_subscriptions":true,"_surecart_dashboard_navigation_downloads":true,"_surecart_dashboard_navigation_billing":true,"_surecart_dashboard_navigation_account":true,"_uag_custom_page_level_css":"","site-sidebar-layout":"default","site-content-layout":"","ast-site-content-layout":"default","site-content-style":"default","site-sidebar-style":"default","ast-global-header-display":"","ast-banner-title-visibility":"","ast-main-header-display":"","ast-hfb-above-header-display":"","ast-hfb-below-header-display":"","ast-hfb-mobile-header-display":"","site-post-title":"","ast-breadcrumbs-content":"","ast-featured-img":"","footer-sml-layout":"","theme-transparent-header-meta":"default","adv-header-id-meta":"","stick-header-meta":"","header-above-stick-meta":"","header-main-stick-meta":"","header-below-stick-meta":"","astra-migrate-meta-layouts":"set","ast-page-background-enabled":"default","ast-page-background-meta":{"desktop":{"background-color":"","background-image":"","background-repeat":"repeat","background-position":"center center","background-size":"auto","background-attachment":"scroll","background-type":"","background-media":"","overlay-type":"","overlay-color":"","overlay-opacity":"","overlay-gradient":""},"tablet":{"background-color":"","background-image":"","background-repeat":"repeat","background-position":"center center","background-size":"auto","background-attachment":"scroll","background-type":"","background-media":"","overlay-type":"","overlay-color":"","overlay-opacity":"","overlay-gradient":""},"mobile":{"background-color":"","background-image":"","background-repeat":"repeat","background-position":"center center","background-size":"auto","background-attachment":"scroll","background-type":"","background-media":"","overlay-type":"","overlay-color":"","overlay-opacity":"","overlay-gradient":""}},"ast-content-background-meta":{"desktop":{"background-color":"var(--ast-global-color-5)","background-image":"","background-repeat":"repeat","background-position":"center center","background-size":"auto","background-attachment":"scroll","background-type":"","background-media":"","overlay-type":"","overlay-color":"","overlay-opacity":"","overlay-gradient":""},"tablet":{"background-color":"var(--ast-global-color-5)","background-image":"","background-repeat":"repeat","background-position":"center center","background-size":"auto","background-attachment":"scroll","background-type":"","background-media":"","overlay-type":"","overlay-color":"","overlay-opacity":"","overlay-gradient":""},"mobile":{"background-color":"var(--ast-global-color-5)","background-image":"","background-repeat":"repeat","background-position":"center center","background-size":"auto","background-attachment":"scroll","background-type":"","background-media":"","overlay-type":"","overlay-color":"","overlay-opacity":"","overlay-gradient":""}}},"product_brand":[],"product_cat":[32],"product_tag":[],"class_list":{"0":"post-5820","1":"product","2":"type-product","3":"status-publish","4":"has-post-thumbnail","6":"product_cat-marmite-chauffantes","7":"desktop-align-center","8":"tablet-align-center","9":"mobile-align-center","11":"first","12":"outofstock","13":"taxable","14":"shipping-taxable","15":"purchasable","16":"product-type-variable"},"aioseo_notices":[],"uagb_featured_image_src":{"full":["https:\/\/maatchop.com\/wp-content\/uploads\/2025\/08\/Screenshot_20250801_085517_Amazon-Shopping.jpg",1080,1532,false],"thumbnail":["https:\/\/maatchop.com\/wp-content\/uploads\/2025\/08\/Screenshot_20250801_085517_Amazon-Shopping-150x150.jpg",150,150,true],"medium":["https:\/\/maatchop.com\/wp-content\/uploads\/2025\/08\/Screenshot_20250801_085517_Amazon-Shopping-211x300.jpg",211,300,true],"medium_large":["https:\/\/maatchop.com\/wp-content\/uploads\/2025\/08\/Screenshot_20250801_085517_Amazon-Shopping-768x1089.jpg",768,1089,true],"large":["https:\/\/maatchop.com\/wp-content\/uploads\/2025\/08\/Screenshot_20250801_085517_Amazon-Shopping-722x1024.jpg",722,1024,true],"1536x1536":["https:\/\/maatchop.com\/wp-content\/uploads\/2025\/08\/Screenshot_20250801_085517_Amazon-Shopping.jpg",1080,1532,false],"2048x2048":["https:\/\/maatchop.com\/wp-content\/uploads\/2025\/08\/Screenshot_20250801_085517_Amazon-Shopping.jpg",1080,1532,false],"trp-custom-language-flag":["https:\/\/maatchop.com\/wp-content\/uploads\/2025\/08\/Screenshot_20250801_085517_Amazon-Shopping-8x12.jpg",8,12,true],"woocommerce_thumbnail":["https:\/\/maatchop.com\/wp-content\/uploads\/2025\/08\/Screenshot_20250801_085517_Amazon-Shopping-600x600.jpg",300,300,true],"woocommerce_single":["https:\/\/maatchop.com\/wp-content\/uploads\/2025\/08\/Screenshot_20250801_085517_Amazon-Shopping-600x851.jpg",600,851,true],"woocommerce_gallery_thumbnail":["https:\/\/maatchop.com\/wp-content\/uploads\/2025\/08\/Screenshot_20250801_085517_Amazon-Shopping-100x100.jpg",100,100,true],"variation_swatches_image_size":["https:\/\/maatchop.com\/wp-content\/uploads\/2025\/08\/Screenshot_20250801_085517_Amazon-Shopping.jpg",35,50,false],"variation_swatches_tooltip_size":["https:\/\/maatchop.com\/wp-content\/uploads\/2025\/08\/Screenshot_20250801_085517_Amazon-Shopping.jpg",70,100,false]},"uagb_author_info":{"display_name":"Teguimene Furel","author_link":"https:\/\/maatchop.com\/en\/author\/"},"uagb_comment_info":0,"uagb_excerpt":"6.9 L Location \u00e0 la journ\u00e9e et \u00e0 l'unit\u00e9","_links":{"self":[{"href":"https:\/\/maatchop.com\/en\/wp-json\/wp\/v2\/product\/5820","targetHints":{"allow":["GET"]}}],"collection":[{"href":"https:\/\/maatchop.com\/en\/wp-json\/wp\/v2\/product"}],"about":[{"href":"https:\/\/maatchop.com\/en\/wp-json\/wp\/v2\/types\/product"}],"replies":[{"embeddable":true,"href":"https:\/\/maatchop.com\/en\/wp-json\/wp\/v2\/comments?post=5820"}],"wp:featuredmedia":[{"embeddable":true,"href":"https:\/\/maatchop.com\/en\/wp-json\/wp\/v2\/media\/5821"}],"wp:attachment":[{"href":"https:\/\/maatchop.com\/en\/wp-json\/wp\/v2\/media?parent=5820"}],"wp:term":[{"taxonomy":"product_brand","embeddable":true,"href":"https:\/\/maatchop.com\/en\/wp-json\/wp\/v2\/product_brand?post=5820"},{"taxonomy":"product_cat","embeddable":true,"href":"https:\/\/maatchop.com\/en\/wp-json\/wp\/v2\/product_cat?post=5820"},{"taxonomy":"product_tag","embeddable":true,"href":"https:\/\/maatchop.com\/en\/wp-json\/wp\/v2\/product_tag?post=5820"}],"curies":[{"name":"wp","href":"https:\/\/api.w.org\/{rel}","templated":true}]}}