{"id":5818,"date":"2025-08-01T12:53:11","date_gmt":"2025-08-01T12:53:11","guid":{"rendered":"https:\/\/maatchop.com\/?post_type=product&#038;p=5818"},"modified":"2025-08-01T12:53:23","modified_gmt":"2025-08-01T12:53:23","slug":"presentoir-rectangulaire","status":"publish","type":"product","link":"https:\/\/maatchop.com\/en\/product\/presentoir-rectangulaire\/","title":{"rendered":"Pr\u00e9sentoir rectangulaire"},"content":{"rendered":"","protected":false},"excerpt":{"rendered":"<p>Location \u00e0 la journ\u00e9e<\/p>","protected":false},"featured_media":5819,"comment_status":"open","ping_status":"closed","template":"","meta":{"_surecart_dashboard_logo_width":"180px","_surecart_dashboard_show_logo":true,"_surecart_dashboard_navigation_orders":true,"_surecart_dashboard_navigation_invoices":true,"_surecart_dashboard_navigation_subscriptions":true,"_surecart_dashboard_navigation_downloads":true,"_surecart_dashboard_navigation_billing":true,"_surecart_dashboard_navigation_account":true,"_uag_custom_page_level_css":"","site-sidebar-layout":"default","site-content-layout":"","ast-site-content-layout":"default","site-content-style":"default","site-sidebar-style":"default","ast-global-header-display":"","ast-banner-title-visibility":"","ast-main-header-display":"","ast-hfb-above-header-display":"","ast-hfb-below-header-display":"","ast-hfb-mobile-header-display":"","site-post-title":"","ast-breadcrumbs-content":"","ast-featured-img":"","footer-sml-layout":"","theme-transparent-header-meta":"default","adv-header-id-meta":"","stick-header-meta":"","header-above-stick-meta":"","header-main-stick-meta":"","header-below-stick-meta":"","astra-migrate-meta-layouts":"set","ast-page-background-enabled":"default","ast-page-background-meta":{"desktop":{"background-color":"","background-image":"","background-repeat":"repeat","background-position":"center center","background-size":"auto","background-attachment":"scroll","background-type":"","background-media":"","overlay-type":"","overlay-color":"","overlay-opacity":"","overlay-gradient":""},"tablet":{"background-color":"","background-image":"","background-repeat":"repeat","background-position":"center center","background-size":"auto","background-attachment":"scroll","background-type":"","background-media":"","overlay-type":"","overlay-color":"","overlay-opacity":"","overlay-gradient":""},"mobile":{"background-color":"","background-image":"","background-repeat":"repeat","background-position":"center center","background-size":"auto","background-attachment":"scroll","background-type":"","background-media":"","overlay-type":"","overlay-color":"","overlay-opacity":"","overlay-gradient":""}},"ast-content-background-meta":{"desktop":{"background-color":"var(--ast-global-color-5)","background-image":"","background-repeat":"repeat","background-position":"center center","background-size":"auto","background-attachment":"scroll","background-type":"","background-media":"","overlay-type":"","overlay-color":"","overlay-opacity":"","overlay-gradient":""},"tablet":{"background-color":"var(--ast-global-color-5)","background-image":"","background-repeat":"repeat","background-position":"center center","background-size":"auto","background-attachment":"scroll","background-type":"","background-media":"","overlay-type":"","overlay-color":"","overlay-opacity":"","overlay-gradient":""},"mobile":{"background-color":"var(--ast-global-color-5)","background-image":"","background-repeat":"repeat","background-position":"center center","background-size":"auto","background-attachment":"scroll","background-type":"","background-media":"","overlay-type":"","overlay-color":"","overlay-opacity":"","overlay-gradient":""}}},"product_brand":[],"product_cat":[35],"product_tag":[],"class_list":{"0":"post-5818","1":"product","2":"type-product","3":"status-publish","4":"has-post-thumbnail","6":"product_cat-presentoires","7":"desktop-align-center","8":"tablet-align-center","9":"mobile-align-center","11":"first","12":"instock","13":"purchasable","14":"product-type-simple"},"aioseo_notices":[],"uagb_featured_image_src":{"full":["https:\/\/maatchop.com\/wp-content\/uploads\/2025\/08\/Screenshot_20250801_084923_Amazon-Shopping.jpg",1079,832,false],"thumbnail":["https:\/\/maatchop.com\/wp-content\/uploads\/2025\/08\/Screenshot_20250801_084923_Amazon-Shopping-150x150.jpg",150,150,true],"medium":["https:\/\/maatchop.com\/wp-content\/uploads\/2025\/08\/Screenshot_20250801_084923_Amazon-Shopping-300x231.jpg",300,231,true],"medium_large":["https:\/\/maatchop.com\/wp-content\/uploads\/2025\/08\/Screenshot_20250801_084923_Amazon-Shopping-768x592.jpg",768,592,true],"large":["https:\/\/maatchop.com\/wp-content\/uploads\/2025\/08\/Screenshot_20250801_084923_Amazon-Shopping-1024x790.jpg",1024,790,true],"1536x1536":["https:\/\/maatchop.com\/wp-content\/uploads\/2025\/08\/Screenshot_20250801_084923_Amazon-Shopping.jpg",1079,832,false],"2048x2048":["https:\/\/maatchop.com\/wp-content\/uploads\/2025\/08\/Screenshot_20250801_084923_Amazon-Shopping.jpg",1079,832,false],"trp-custom-language-flag":["https:\/\/maatchop.com\/wp-content\/uploads\/2025\/08\/Screenshot_20250801_084923_Amazon-Shopping-16x12.jpg",16,12,true],"woocommerce_thumbnail":["https:\/\/maatchop.com\/wp-content\/uploads\/2025\/08\/Screenshot_20250801_084923_Amazon-Shopping-600x600.jpg",300,300,true],"woocommerce_single":["https:\/\/maatchop.com\/wp-content\/uploads\/2025\/08\/Screenshot_20250801_084923_Amazon-Shopping-600x463.jpg",600,463,true],"woocommerce_gallery_thumbnail":["https:\/\/maatchop.com\/wp-content\/uploads\/2025\/08\/Screenshot_20250801_084923_Amazon-Shopping-100x100.jpg",100,100,true],"variation_swatches_image_size":["https:\/\/maatchop.com\/wp-content\/uploads\/2025\/08\/Screenshot_20250801_084923_Amazon-Shopping.jpg",50,39,false],"variation_swatches_tooltip_size":["https:\/\/maatchop.com\/wp-content\/uploads\/2025\/08\/Screenshot_20250801_084923_Amazon-Shopping.jpg",100,77,false]},"uagb_author_info":{"display_name":"Teguimene Furel","author_link":"https:\/\/maatchop.com\/en\/author\/"},"uagb_comment_info":0,"uagb_excerpt":"Location \u00e0 la journ\u00e9e","_links":{"self":[{"href":"https:\/\/maatchop.com\/en\/wp-json\/wp\/v2\/product\/5818","targetHints":{"allow":["GET"]}}],"collection":[{"href":"https:\/\/maatchop.com\/en\/wp-json\/wp\/v2\/product"}],"about":[{"href":"https:\/\/maatchop.com\/en\/wp-json\/wp\/v2\/types\/product"}],"replies":[{"embeddable":true,"href":"https:\/\/maatchop.com\/en\/wp-json\/wp\/v2\/comments?post=5818"}],"wp:featuredmedia":[{"embeddable":true,"href":"https:\/\/maatchop.com\/en\/wp-json\/wp\/v2\/media\/5819"}],"wp:attachment":[{"href":"https:\/\/maatchop.com\/en\/wp-json\/wp\/v2\/media?parent=5818"}],"wp:term":[{"taxonomy":"product_brand","embeddable":true,"href":"https:\/\/maatchop.com\/en\/wp-json\/wp\/v2\/product_brand?post=5818"},{"taxonomy":"product_cat","embeddable":true,"href":"https:\/\/maatchop.com\/en\/wp-json\/wp\/v2\/product_cat?post=5818"},{"taxonomy":"product_tag","embeddable":true,"href":"https:\/\/maatchop.com\/en\/wp-json\/wp\/v2\/product_tag?post=5818"}],"curies":[{"name":"wp","href":"https:\/\/api.w.org\/{rel}","templated":true}]}}