{"id":5587,"date":"2025-07-01T16:59:33","date_gmt":"2025-07-01T16:59:33","guid":{"rendered":"https:\/\/maatchop.com\/?post_type=product&#038;p=5587"},"modified":"2025-08-06T20:25:52","modified_gmt":"2025-08-06T20:25:52","slug":"tchep-riz-senegalais","status":"publish","type":"product","link":"https:\/\/maatchop.com\/en\/product\/tchep-riz-senegalais\/","title":{"rendered":"Tchep\/Riz S\u00e9n\u00e9galais"},"content":{"rendered":"<h2><span style=\"vertical-align: inherit;\"><span style=\"vertical-align: inherit;\">D\u00e9couvrez la cuisine s\u00e9n\u00e9galaise authentique<\/span><\/span><\/h2>\n<p><!--more--><\/p>\n<p><span style=\"vertical-align: inherit;\"><span style=\"vertical-align: inherit;\">Sublimez vos aventures culinaires avec notre exceptionnel <\/span><\/span><strong><span style=\"vertical-align: inherit;\"><span style=\"vertical-align: inherit;\">riz s\u00e9n\u00e9galais<\/span><\/span><\/strong><span style=\"vertical-align: inherit;\"><span style=\"vertical-align: inherit;\"> , aussi appel\u00e9 tchep. Cette vari\u00e9t\u00e9 de riz exceptionnelle est non seulement un aliment de base, mais aussi un pilier culturel du S\u00e9n\u00e9gal, incarnant saveurs, tradition et chaleur dans chaque grain. Offrant un m\u00e9lange unique de go\u00fbt et de texture, ce riz est id\u00e9al pour pr\u00e9parer de d\u00e9licieux repas qui vous transporteront directement dans les rues anim\u00e9es de Dakar.<\/span><\/span><\/p>\n<h2><span style=\"vertical-align: inherit;\"><span style=\"vertical-align: inherit;\">Bienfaits pour la sant\u00e9 et valeur nutritionnelle<\/span><\/span><\/h2>\n<p><span style=\"vertical-align: inherit;\"><span style=\"vertical-align: inherit;\">Notre riz s\u00e9n\u00e9galais est non seulement un r\u00e9gal pour les papilles, mais il contribue \u00e9galement \u00e0 votre sant\u00e9. Excellente source de glucides, il vous apporte l&rsquo;\u00e9nergie n\u00e9cessaire \u00e0 vos activit\u00e9s quotidiennes. il est Accompagn\u00e9 de l\u00e9gumes frais et de prot\u00e9ines pour un repas \u00e9quilibr\u00e9 qui nourrit le corps et l&rsquo;esprit.<\/span><\/span><\/p>","protected":false},"excerpt":{"rendered":"<p><span style=\"vertical-align: inherit;\">Un plateau pour 3 personnes\u00a0<\/span><\/p>\n<p><span style=\"vertical-align: inherit;\">Sa texture \u00e0 grain moyen cuit \u00e0 merveille et absorbe parfaitement les saveurs, il est riche en couleur et en l\u00e9gumes avec des choux, aubergines, carottes et gombo. C&rsquo;est aussi une explosion de prot\u00e9ines entre poisson, viande de boeuf et pilon de poulet.\u00a0<\/span><\/p>","protected":false},"featured_media":5727,"comment_status":"open","ping_status":"closed","template":"","meta":{"_surecart_dashboard_logo_width":"180px","_surecart_dashboard_show_logo":true,"_surecart_dashboard_navigation_orders":true,"_surecart_dashboard_navigation_invoices":true,"_surecart_dashboard_navigation_subscriptions":true,"_surecart_dashboard_navigation_downloads":true,"_surecart_dashboard_navigation_billing":true,"_surecart_dashboard_navigation_account":true,"_uag_custom_page_level_css":"","site-sidebar-layout":"default","site-content-layout":"","ast-site-content-layout":"default","site-content-style":"default","site-sidebar-style":"default","ast-global-header-display":"","ast-banner-title-visibility":"","ast-main-header-display":"","ast-hfb-above-header-display":"","ast-hfb-below-header-display":"","ast-hfb-mobile-header-display":"","site-post-title":"","ast-breadcrumbs-content":"","ast-featured-img":"","footer-sml-layout":"","theme-transparent-header-meta":"default","adv-header-id-meta":"","stick-header-meta":"","header-above-stick-meta":"","header-main-stick-meta":"","header-below-stick-meta":"","astra-migrate-meta-layouts":"set","ast-page-background-enabled":"default","ast-page-background-meta":{"desktop":{"background-color":"","background-image":"","background-repeat":"repeat","background-position":"center center","background-size":"auto","background-attachment":"scroll","background-type":"","background-media":"","overlay-type":"","overlay-color":"","overlay-opacity":"","overlay-gradient":""},"tablet":{"background-color":"","background-image":"","background-repeat":"repeat","background-position":"center center","background-size":"auto","background-attachment":"scroll","background-type":"","background-media":"","overlay-type":"","overlay-color":"","overlay-opacity":"","overlay-gradient":""},"mobile":{"background-color":"","background-image":"","background-repeat":"repeat","background-position":"center center","background-size":"auto","background-attachment":"scroll","background-type":"","background-media":"","overlay-type":"","overlay-color":"","overlay-opacity":"","overlay-gradient":""}},"ast-content-background-meta":{"desktop":{"background-color":"var(--ast-global-color-5)","background-image":"","background-repeat":"repeat","background-position":"center center","background-size":"auto","background-attachment":"scroll","background-type":"","background-media":"","overlay-type":"","overlay-color":"","overlay-opacity":"","overlay-gradient":""},"tablet":{"background-color":"var(--ast-global-color-5)","background-image":"","background-repeat":"repeat","background-position":"center center","background-size":"auto","background-attachment":"scroll","background-type":"","background-media":"","overlay-type":"","overlay-color":"","overlay-opacity":"","overlay-gradient":""},"mobile":{"background-color":"var(--ast-global-color-5)","background-image":"","background-repeat":"repeat","background-position":"center center","background-size":"auto","background-attachment":"scroll","background-type":"","background-media":"","overlay-type":"","overlay-color":"","overlay-opacity":"","overlay-gradient":""}}},"product_brand":[],"product_cat":[36],"product_tag":[],"class_list":{"0":"post-5587","1":"product","2":"type-product","3":"status-publish","4":"has-post-thumbnail","6":"product_cat-super-carnivores","7":"desktop-align-center","8":"tablet-align-center","9":"mobile-align-center","11":"first","12":"onbackorder","13":"taxable","14":"shipping-taxable","15":"purchasable","16":"product-type-simple"},"aioseo_notices":[],"uagb_featured_image_src":{"full":["https:\/\/maatchop.com\/wp-content\/uploads\/2025\/07\/20250705_140634-scaled.jpg",1184,2560,false],"thumbnail":["https:\/\/maatchop.com\/wp-content\/uploads\/2025\/07\/20250705_140634-150x150.jpg",150,150,true],"medium":["https:\/\/maatchop.com\/wp-content\/uploads\/2025\/07\/20250705_140634-139x300.jpg",139,300,true],"medium_large":["https:\/\/maatchop.com\/wp-content\/uploads\/2025\/07\/20250705_140634-768x1661.jpg",768,1661,true],"large":["https:\/\/maatchop.com\/wp-content\/uploads\/2025\/07\/20250705_140634-474x1024.jpg",474,1024,true],"1536x1536":["https:\/\/maatchop.com\/wp-content\/uploads\/2025\/07\/20250705_140634-710x1536.jpg",710,1536,true],"2048x2048":["https:\/\/maatchop.com\/wp-content\/uploads\/2025\/07\/20250705_140634-947x2048.jpg",947,2048,true],"trp-custom-language-flag":["https:\/\/maatchop.com\/wp-content\/uploads\/2025\/07\/20250705_140634-6x12.jpg",6,12,true],"woocommerce_thumbnail":["https:\/\/maatchop.com\/wp-content\/uploads\/2025\/07\/20250705_140634-300x300.jpg",300,300,true],"woocommerce_single":["https:\/\/maatchop.com\/wp-content\/uploads\/2025\/07\/20250705_140634-scaled-600x1297.jpg",600,1297,true],"woocommerce_gallery_thumbnail":["https:\/\/maatchop.com\/wp-content\/uploads\/2025\/07\/20250705_140634-scaled-100x100.jpg",100,100,true],"variation_swatches_image_size":["https:\/\/maatchop.com\/wp-content\/uploads\/2025\/07\/20250705_140634-scaled.jpg",23,50,false],"variation_swatches_tooltip_size":["https:\/\/maatchop.com\/wp-content\/uploads\/2025\/07\/20250705_140634-scaled.jpg",46,100,false]},"uagb_author_info":{"display_name":"Teguimene Furel","author_link":"https:\/\/maatchop.com\/en\/author\/"},"uagb_comment_info":0,"uagb_excerpt":"Un plateau pour 3 personnes\u00a0 Sa texture \u00e0 grain moyen cuit \u00e0 merveille et absorbe parfaitement les saveurs, il est riche en couleur et en l\u00e9gumes avec des choux, aubergines, carottes et gombo. C'est aussi une explosion de prot\u00e9ines entre poisson, viande de boeuf et pilon de poulet.\u00a0","_links":{"self":[{"href":"https:\/\/maatchop.com\/en\/wp-json\/wp\/v2\/product\/5587","targetHints":{"allow":["GET"]}}],"collection":[{"href":"https:\/\/maatchop.com\/en\/wp-json\/wp\/v2\/product"}],"about":[{"href":"https:\/\/maatchop.com\/en\/wp-json\/wp\/v2\/types\/product"}],"replies":[{"embeddable":true,"href":"https:\/\/maatchop.com\/en\/wp-json\/wp\/v2\/comments?post=5587"}],"wp:featuredmedia":[{"embeddable":true,"href":"https:\/\/maatchop.com\/en\/wp-json\/wp\/v2\/media\/5727"}],"wp:attachment":[{"href":"https:\/\/maatchop.com\/en\/wp-json\/wp\/v2\/media?parent=5587"}],"wp:term":[{"taxonomy":"product_brand","embeddable":true,"href":"https:\/\/maatchop.com\/en\/wp-json\/wp\/v2\/product_brand?post=5587"},{"taxonomy":"product_cat","embeddable":true,"href":"https:\/\/maatchop.com\/en\/wp-json\/wp\/v2\/product_cat?post=5587"},{"taxonomy":"product_tag","embeddable":true,"href":"https:\/\/maatchop.com\/en\/wp-json\/wp\/v2\/product_tag?post=5587"}],"curies":[{"name":"wp","href":"https:\/\/api.w.org\/{rel}","templated":true}]}}