{"id":5578,"date":"2025-07-01T12:57:14","date_gmt":"2025-07-01T12:57:14","guid":{"rendered":"https:\/\/maatchop.com\/?post_type=product&#038;p=5578"},"modified":"2025-07-12T19:13:08","modified_gmt":"2025-07-12T19:13:08","slug":"escargots-seches","status":"publish","type":"product","link":"https:\/\/maatchop.com\/en\/product\/escargots-seches\/","title":{"rendered":"Escargots s\u00e9ch\u00e9s"},"content":{"rendered":"<h2>\u2665Une D\u00e9licieuse D\u00e9couvrez des Escargots S\u00e9ch\u00e9s<\/h2>\n<p>Plongez dans la richesse et la complexit\u00e9 des saveurs avec nos <strong>escargots s\u00e9ch\u00e9s<\/strong>, un produit exceptionnel qui transforme chaque plat en un v\u00e9ritable festin. Non sal\u00e9s et naturellement savoureux, ces escargots passent par un traitement de s\u00e9chage minutieux pour capturer leur essence unique, permettant une pr\u00e9paration facile \u00e0 la maison.<\/p>\n<h2>Pr\u00e9parez des Plats Savoureux avec la Viande Congo Bien Piment\u00e9e<\/h2>\n<p>Les <strong>escargots s\u00e9ch\u00e9s<\/strong> sont remarquablement polyvalents, ils cr\u00e9ent une combinaison savoureuse, que vous choisissiez de les incorporer dans des plats de p\u00e2tes, des rago\u00fbts, ou m\u00eame de les savourer seuls comme une collation, la richesse en go\u00fbt du Congo-meat et son croustillant promettent de ravir tous vos convives.<\/p>\n<h2>Pourquoi Choisir Nos Escargots S\u00e9ch\u00e9s?<\/h2>\n<p>Opter pour nos <strong>escargots s\u00e9ch\u00e9s<\/strong>, c\u2019est choisir la qualit\u00e9 et la praticit\u00e9 sans compromettre le go\u00fbt. Nous nous engageons \u00e0 vous fournir un produit qui respecte les normes les plus \u00e9lev\u00e9es. De la s\u00e9lection des mati\u00e8res premi\u00e8res \u00e0 l\u2019emballage final, chaque \u00e9tape de notre processus vise \u00e0 pr\u00e9server la fra\u00eecheur et la qualit\u00e9 de nos escargots. Ne cherchez plus, ces escargots sont votre cl\u00e9 pour d\u00e9couvrir la gastronomie congolaise de mani\u00e8re simple et savoureuse!<\/p>","protected":false},"excerpt":{"rendered":"<p><span data-huuid=\"3602656120279025070\">CONGO-MEAT Les escargots s\u00e9ch\u00e9s sont des <mark class=\"QVRyCf\">escargots qui ont \u00e9t\u00e9 d\u00e9shydrat\u00e9s pour une conservation prolong\u00e9e<\/mark><\/span><span data-huuid=\"3602656120279027225\">.\u00a0<\/span><span data-huuid=\"3602656120279025284\">Ils sont g\u00e9n\u00e9ralement r\u00e9hydrat\u00e9s avant utilisation en les trempant dans l&rsquo;eau chaude particuli\u00e8rement pendant un certain temps.<span class=\"pjBG2e\" data-cid=\"3ecf822d-b55b-4fe0-88e6-16e6bae04542\"><span class=\"UV3uM\">\u00a0<\/span><\/span><\/span><\/p>","protected":false},"featured_media":5749,"comment_status":"open","ping_status":"closed","template":"","meta":{"_surecart_dashboard_logo_width":"180px","_surecart_dashboard_show_logo":true,"_surecart_dashboard_navigation_orders":true,"_surecart_dashboard_navigation_invoices":true,"_surecart_dashboard_navigation_subscriptions":true,"_surecart_dashboard_navigation_downloads":true,"_surecart_dashboard_navigation_billing":true,"_surecart_dashboard_navigation_account":true,"_uag_custom_page_level_css":"","site-sidebar-layout":"default","site-content-layout":"","ast-site-content-layout":"default","site-content-style":"default","site-sidebar-style":"default","ast-global-header-display":"","ast-banner-title-visibility":"","ast-main-header-display":"","ast-hfb-above-header-display":"","ast-hfb-below-header-display":"","ast-hfb-mobile-header-display":"","site-post-title":"","ast-breadcrumbs-content":"","ast-featured-img":"","footer-sml-layout":"","theme-transparent-header-meta":"default","adv-header-id-meta":"","stick-header-meta":"","header-above-stick-meta":"","header-main-stick-meta":"","header-below-stick-meta":"","astra-migrate-meta-layouts":"set","ast-page-background-enabled":"default","ast-page-background-meta":{"desktop":{"background-color":"","background-image":"","background-repeat":"repeat","background-position":"center center","background-size":"auto","background-attachment":"scroll","background-type":"","background-media":"","overlay-type":"","overlay-color":"","overlay-opacity":"","overlay-gradient":""},"tablet":{"background-color":"","background-image":"","background-repeat":"repeat","background-position":"center center","background-size":"auto","background-attachment":"scroll","background-type":"","background-media":"","overlay-type":"","overlay-color":"","overlay-opacity":"","overlay-gradient":""},"mobile":{"background-color":"","background-image":"","background-repeat":"repeat","background-position":"center center","background-size":"auto","background-attachment":"scroll","background-type":"","background-media":"","overlay-type":"","overlay-color":"","overlay-opacity":"","overlay-gradient":""}},"ast-content-background-meta":{"desktop":{"background-color":"var(--ast-global-color-5)","background-image":"","background-repeat":"repeat","background-position":"center center","background-size":"auto","background-attachment":"scroll","background-type":"","background-media":"","overlay-type":"","overlay-color":"","overlay-opacity":"","overlay-gradient":""},"tablet":{"background-color":"var(--ast-global-color-5)","background-image":"","background-repeat":"repeat","background-position":"center center","background-size":"auto","background-attachment":"scroll","background-type":"","background-media":"","overlay-type":"","overlay-color":"","overlay-opacity":"","overlay-gradient":""},"mobile":{"background-color":"var(--ast-global-color-5)","background-image":"","background-repeat":"repeat","background-position":"center center","background-size":"auto","background-attachment":"scroll","background-type":"","background-media":"","overlay-type":"","overlay-color":"","overlay-opacity":"","overlay-gradient":""}}},"product_brand":[],"product_cat":[16],"product_tag":[],"class_list":{"0":"post-5578","1":"product","2":"type-product","3":"status-publish","4":"has-post-thumbnail","6":"product_cat-epicerie","7":"desktop-align-center","8":"tablet-align-center","9":"mobile-align-center","11":"first","12":"instock","13":"featured","14":"taxable","15":"shipping-taxable","16":"purchasable","17":"product-type-simple"},"aioseo_notices":[],"uagb_featured_image_src":{"full":["https:\/\/maatchop.com\/wp-content\/uploads\/2025\/07\/20250708_184001-scaled.jpg",1558,2560,false],"thumbnail":["https:\/\/maatchop.com\/wp-content\/uploads\/2025\/07\/20250708_184001-150x150.jpg",150,150,true],"medium":["https:\/\/maatchop.com\/wp-content\/uploads\/2025\/07\/20250708_184001-183x300.jpg",183,300,true],"medium_large":["https:\/\/maatchop.com\/wp-content\/uploads\/2025\/07\/20250708_184001-768x1262.jpg",768,1262,true],"large":["https:\/\/maatchop.com\/wp-content\/uploads\/2025\/07\/20250708_184001-623x1024.jpg",623,1024,true],"1536x1536":["https:\/\/maatchop.com\/wp-content\/uploads\/2025\/07\/20250708_184001-935x1536.jpg",935,1536,true],"2048x2048":["https:\/\/maatchop.com\/wp-content\/uploads\/2025\/07\/20250708_184001-1247x2048.jpg",1247,2048,true],"trp-custom-language-flag":["https:\/\/maatchop.com\/wp-content\/uploads\/2025\/07\/20250708_184001-7x12.jpg",7,12,true],"woocommerce_thumbnail":["https:\/\/maatchop.com\/wp-content\/uploads\/2025\/07\/20250708_184001-600x600.jpg",300,300,true],"woocommerce_single":["https:\/\/maatchop.com\/wp-content\/uploads\/2025\/07\/20250708_184001-600x986.jpg",600,986,true],"woocommerce_gallery_thumbnail":["https:\/\/maatchop.com\/wp-content\/uploads\/2025\/07\/20250708_184001-100x100.jpg",100,100,true],"variation_swatches_image_size":["https:\/\/maatchop.com\/wp-content\/uploads\/2025\/07\/20250708_184001-scaled.jpg",30,50,false],"variation_swatches_tooltip_size":["https:\/\/maatchop.com\/wp-content\/uploads\/2025\/07\/20250708_184001-scaled.jpg",61,100,false]},"uagb_author_info":{"display_name":"Teguimene Furel","author_link":"https:\/\/maatchop.com\/en\/author\/"},"uagb_comment_info":0,"uagb_excerpt":"CONGO-MEAT Les escargots s\u00e9ch\u00e9s sont des escargots qui ont \u00e9t\u00e9 d\u00e9shydrat\u00e9s pour une conservation prolong\u00e9e.\u00a0Ils sont g\u00e9n\u00e9ralement r\u00e9hydrat\u00e9s avant utilisation en les trempant dans l'eau chaude particuli\u00e8rement pendant un certain temps.\u00a0","_links":{"self":[{"href":"https:\/\/maatchop.com\/en\/wp-json\/wp\/v2\/product\/5578","targetHints":{"allow":["GET"]}}],"collection":[{"href":"https:\/\/maatchop.com\/en\/wp-json\/wp\/v2\/product"}],"about":[{"href":"https:\/\/maatchop.com\/en\/wp-json\/wp\/v2\/types\/product"}],"replies":[{"embeddable":true,"href":"https:\/\/maatchop.com\/en\/wp-json\/wp\/v2\/comments?post=5578"}],"wp:featuredmedia":[{"embeddable":true,"href":"https:\/\/maatchop.com\/en\/wp-json\/wp\/v2\/media\/5749"}],"wp:attachment":[{"href":"https:\/\/maatchop.com\/en\/wp-json\/wp\/v2\/media?parent=5578"}],"wp:term":[{"taxonomy":"product_brand","embeddable":true,"href":"https:\/\/maatchop.com\/en\/wp-json\/wp\/v2\/product_brand?post=5578"},{"taxonomy":"product_cat","embeddable":true,"href":"https:\/\/maatchop.com\/en\/wp-json\/wp\/v2\/product_cat?post=5578"},{"taxonomy":"product_tag","embeddable":true,"href":"https:\/\/maatchop.com\/en\/wp-json\/wp\/v2\/product_tag?post=5578"}],"curies":[{"name":"wp","href":"https:\/\/api.w.org\/{rel}","templated":true}]}}