{"id":5574,"date":"2025-07-01T12:35:12","date_gmt":"2025-07-01T12:35:12","guid":{"rendered":"https:\/\/maatchop.com\/?post_type=product&#038;p=5574"},"modified":"2025-07-08T23:47:44","modified_gmt":"2025-07-08T23:47:44","slug":"caramels-darachides","status":"publish","type":"product","link":"https:\/\/maatchop.com\/en\/product\/caramels-darachides\/","title":{"rendered":"Caramels d&rsquo;arachides"},"content":{"rendered":"<p><span data-huuid=\"2740467324894800520\">Les arachides caram\u00e9lis\u00e9es, aussi appel\u00e9es chouchous, sont des\u00a0<mark class=\"QVRyCf\">arachides enrob\u00e9es d&rsquo;une couche de caramel croquant et sucr\u00e9<\/mark>.\u00a0<\/span><span data-huuid=\"2740467324894799889\">Elles sont une friandise populaire, appr\u00e9ci\u00e9e pour leur texture croustillante et leur go\u00fbt sucr\u00e9.\u00a0<\/span><span data-huuid=\"2740467324894799258\">On les retrouve souvent dans les f\u00eates foraines, les march\u00e9s, et comme collation.<span class=\"pjBG2e\" data-cid=\"21ee1fe8-3a0f-47a9-b882-f705911c912a\"><span class=\"UV3uM\">\u00a0<\/span><\/span><\/span><\/p>","protected":false},"excerpt":{"rendered":"<p>Les arachides caram\u00e9lis\u00e9es, aussi appel\u00e9es chouchous, sont des\u00a0arachides enrob\u00e9es d&rsquo;une couche de caramel croquant et sucr\u00e9.\u00a0Elles sont une friandise populaire, appr\u00e9ci\u00e9e pour leur texture croustillante et leur go\u00fbt sucr\u00e9.\u00a0On les retrouve souvent dans les f\u00eates foraines, les march\u00e9s, et comme collation.\u00a0<\/p>","protected":false},"featured_media":5747,"comment_status":"open","ping_status":"closed","template":"","meta":{"_surecart_dashboard_logo_width":"180px","_surecart_dashboard_show_logo":true,"_surecart_dashboard_navigation_orders":true,"_surecart_dashboard_navigation_invoices":true,"_surecart_dashboard_navigation_subscriptions":true,"_surecart_dashboard_navigation_downloads":true,"_surecart_dashboard_navigation_billing":true,"_surecart_dashboard_navigation_account":true,"_uag_custom_page_level_css":"","site-sidebar-layout":"default","site-content-layout":"","ast-site-content-layout":"default","site-content-style":"default","site-sidebar-style":"default","ast-global-header-display":"","ast-banner-title-visibility":"","ast-main-header-display":"","ast-hfb-above-header-display":"","ast-hfb-below-header-display":"","ast-hfb-mobile-header-display":"","site-post-title":"","ast-breadcrumbs-content":"","ast-featured-img":"","footer-sml-layout":"","theme-transparent-header-meta":"default","adv-header-id-meta":"","stick-header-meta":"","header-above-stick-meta":"","header-main-stick-meta":"","header-below-stick-meta":"","astra-migrate-meta-layouts":"set","ast-page-background-enabled":"default","ast-page-background-meta":{"desktop":{"background-color":"","background-image":"","background-repeat":"repeat","background-position":"center center","background-size":"auto","background-attachment":"scroll","background-type":"","background-media":"","overlay-type":"","overlay-color":"","overlay-opacity":"","overlay-gradient":""},"tablet":{"background-color":"","background-image":"","background-repeat":"repeat","background-position":"center center","background-size":"auto","background-attachment":"scroll","background-type":"","background-media":"","overlay-type":"","overlay-color":"","overlay-opacity":"","overlay-gradient":""},"mobile":{"background-color":"","background-image":"","background-repeat":"repeat","background-position":"center center","background-size":"auto","background-attachment":"scroll","background-type":"","background-media":"","overlay-type":"","overlay-color":"","overlay-opacity":"","overlay-gradient":""}},"ast-content-background-meta":{"desktop":{"background-color":"var(--ast-global-color-5)","background-image":"","background-repeat":"repeat","background-position":"center center","background-size":"auto","background-attachment":"scroll","background-type":"","background-media":"","overlay-type":"","overlay-color":"","overlay-opacity":"","overlay-gradient":""},"tablet":{"background-color":"var(--ast-global-color-5)","background-image":"","background-repeat":"repeat","background-position":"center center","background-size":"auto","background-attachment":"scroll","background-type":"","background-media":"","overlay-type":"","overlay-color":"","overlay-opacity":"","overlay-gradient":""},"mobile":{"background-color":"var(--ast-global-color-5)","background-image":"","background-repeat":"repeat","background-position":"center center","background-size":"auto","background-attachment":"scroll","background-type":"","background-media":"","overlay-type":"","overlay-color":"","overlay-opacity":"","overlay-gradient":""}}},"product_brand":[],"product_cat":[26],"product_tag":[],"class_list":{"0":"post-5574","1":"product","2":"type-product","3":"status-publish","4":"has-post-thumbnail","6":"product_cat-encas-ptits-plaisirs","7":"desktop-align-center","8":"tablet-align-center","9":"mobile-align-center","11":"first","12":"instock","13":"taxable","14":"shipping-taxable","15":"purchasable","16":"product-type-simple"},"aioseo_notices":[],"uagb_featured_image_src":{"full":["https:\/\/maatchop.com\/wp-content\/uploads\/2025\/07\/20250708_170501-1.jpg",1800,1958,false],"thumbnail":["https:\/\/maatchop.com\/wp-content\/uploads\/2025\/07\/20250708_170501-1-150x150.jpg",150,150,true],"medium":["https:\/\/maatchop.com\/wp-content\/uploads\/2025\/07\/20250708_170501-1-276x300.jpg",276,300,true],"medium_large":["https:\/\/maatchop.com\/wp-content\/uploads\/2025\/07\/20250708_170501-1-768x835.jpg",768,835,true],"large":["https:\/\/maatchop.com\/wp-content\/uploads\/2025\/07\/20250708_170501-1-941x1024.jpg",941,1024,true],"1536x1536":["https:\/\/maatchop.com\/wp-content\/uploads\/2025\/07\/20250708_170501-1-1412x1536.jpg",1412,1536,true],"2048x2048":["https:\/\/maatchop.com\/wp-content\/uploads\/2025\/07\/20250708_170501-1.jpg",1800,1958,false],"trp-custom-language-flag":["https:\/\/maatchop.com\/wp-content\/uploads\/2025\/07\/20250708_170501-1-11x12.jpg",11,12,true],"woocommerce_thumbnail":["https:\/\/maatchop.com\/wp-content\/uploads\/2025\/07\/20250708_170501-1-600x600.jpg",300,300,true],"woocommerce_single":["https:\/\/maatchop.com\/wp-content\/uploads\/2025\/07\/20250708_170501-1-600x653.jpg",600,653,true],"woocommerce_gallery_thumbnail":["https:\/\/maatchop.com\/wp-content\/uploads\/2025\/07\/20250708_170501-1-100x100.jpg",100,100,true],"variation_swatches_image_size":["https:\/\/maatchop.com\/wp-content\/uploads\/2025\/07\/20250708_170501-1.jpg",46,50,false],"variation_swatches_tooltip_size":["https:\/\/maatchop.com\/wp-content\/uploads\/2025\/07\/20250708_170501-1.jpg",92,100,false]},"uagb_author_info":{"display_name":"Teguimene Furel","author_link":"https:\/\/maatchop.com\/en\/author\/"},"uagb_comment_info":0,"uagb_excerpt":"Les arachides caram\u00e9lis\u00e9es, aussi appel\u00e9es chouchous, sont des\u00a0arachides enrob\u00e9es d&rsquo;une couche de caramel croquant et sucr\u00e9.\u00a0Elles sont une friandise populaire, appr\u00e9ci\u00e9e pour leur texture croustillante et leur go\u00fbt sucr\u00e9.\u00a0On les retrouve souvent dans les f\u00eates foraines, les march\u00e9s, et comme collation.\u00a0","_links":{"self":[{"href":"https:\/\/maatchop.com\/en\/wp-json\/wp\/v2\/product\/5574","targetHints":{"allow":["GET"]}}],"collection":[{"href":"https:\/\/maatchop.com\/en\/wp-json\/wp\/v2\/product"}],"about":[{"href":"https:\/\/maatchop.com\/en\/wp-json\/wp\/v2\/types\/product"}],"replies":[{"embeddable":true,"href":"https:\/\/maatchop.com\/en\/wp-json\/wp\/v2\/comments?post=5574"}],"wp:featuredmedia":[{"embeddable":true,"href":"https:\/\/maatchop.com\/en\/wp-json\/wp\/v2\/media\/5747"}],"wp:attachment":[{"href":"https:\/\/maatchop.com\/en\/wp-json\/wp\/v2\/media?parent=5574"}],"wp:term":[{"taxonomy":"product_brand","embeddable":true,"href":"https:\/\/maatchop.com\/en\/wp-json\/wp\/v2\/product_brand?post=5574"},{"taxonomy":"product_cat","embeddable":true,"href":"https:\/\/maatchop.com\/en\/wp-json\/wp\/v2\/product_cat?post=5574"},{"taxonomy":"product_tag","embeddable":true,"href":"https:\/\/maatchop.com\/en\/wp-json\/wp\/v2\/product_tag?post=5574"}],"curies":[{"name":"wp","href":"https:\/\/api.w.org\/{rel}","templated":true}]}}