{"id":5568,"date":"2025-07-01T12:07:46","date_gmt":"2025-07-01T12:07:46","guid":{"rendered":"https:\/\/maatchop.com\/?post_type=product&#038;p=5568"},"modified":"2025-07-01T12:47:54","modified_gmt":"2025-07-01T12:47:54","slug":"miondo","status":"publish","type":"product","link":"https:\/\/maatchop.com\/en\/product\/miondo\/","title":{"rendered":"Miondo"},"content":{"rendered":"<p><span data-huuid=\"4431315569236538043\">Le miondo est une sp\u00e9cialit\u00e9 culinaire camerounaise,\u00a0<mark class=\"QVRyCf\">un b\u00e2tonnet de manioc ferment\u00e9 et cuit \u00e0 la vapeur, envelopp\u00e9 dans des feuilles de bananier<\/mark>.\u00a0<\/span><span data-huuid=\"4431315569236539798\">Il est pr\u00e9par\u00e9 \u00e0 partir de p\u00e2te de manioc ferment\u00e9e, puis fa\u00e7onn\u00e9e en forme de b\u00e2tonnets et cuite \u00e0 l&rsquo;\u00e9touff\u00e9e.\u00a0<\/span><span data-huuid=\"4431315569236537457\">Le miondo est souvent consomm\u00e9 avec des plats comme le ndol\u00e9, le poisson brais\u00e9, ou le poulet brais\u00e9.<span class=\"pjBG2e\" data-cid=\"d443b692-1b3f-4794-bb57-739a5ff73ea7\"><span class=\"UV3uM\">\u00a0<\/span><\/span><\/span><\/p>","protected":false},"excerpt":{"rendered":"<p>Le miondo est une sp\u00e9cialit\u00e9 culinaire camerounaise,\u00a0un b\u00e2tonnet de manioc ferment\u00e9 et cuit \u00e0 la vapeur, envelopp\u00e9 dans des feuilles de bananier.\u00a0Il est pr\u00e9par\u00e9 \u00e0 partir de p\u00e2te de manioc ferment\u00e9e, puis fa\u00e7onn\u00e9e en forme de b\u00e2tonnets et cuite \u00e0 l&rsquo;\u00e9touff\u00e9e.\u00a0Le miondo est souvent consomm\u00e9 avec des plats comme le ndol\u00e9, le poisson brais\u00e9, ou [&hellip;]<\/p>","protected":false},"featured_media":0,"comment_status":"open","ping_status":"closed","template":"","meta":{"_surecart_dashboard_logo_width":"180px","_surecart_dashboard_show_logo":true,"_surecart_dashboard_navigation_orders":true,"_surecart_dashboard_navigation_invoices":true,"_surecart_dashboard_navigation_subscriptions":true,"_surecart_dashboard_navigation_downloads":true,"_surecart_dashboard_navigation_billing":true,"_surecart_dashboard_navigation_account":true,"_uag_custom_page_level_css":"","site-sidebar-layout":"default","site-content-layout":"","ast-site-content-layout":"default","site-content-style":"default","site-sidebar-style":"default","ast-global-header-display":"","ast-banner-title-visibility":"","ast-main-header-display":"","ast-hfb-above-header-display":"","ast-hfb-below-header-display":"","ast-hfb-mobile-header-display":"","site-post-title":"","ast-breadcrumbs-content":"","ast-featured-img":"","footer-sml-layout":"","theme-transparent-header-meta":"default","adv-header-id-meta":"","stick-header-meta":"","header-above-stick-meta":"","header-main-stick-meta":"","header-below-stick-meta":"","astra-migrate-meta-layouts":"set","ast-page-background-enabled":"default","ast-page-background-meta":{"desktop":{"background-color":"","background-image":"","background-repeat":"repeat","background-position":"center center","background-size":"auto","background-attachment":"scroll","background-type":"","background-media":"","overlay-type":"","overlay-color":"","overlay-opacity":"","overlay-gradient":""},"tablet":{"background-color":"","background-image":"","background-repeat":"repeat","background-position":"center center","background-size":"auto","background-attachment":"scroll","background-type":"","background-media":"","overlay-type":"","overlay-color":"","overlay-opacity":"","overlay-gradient":""},"mobile":{"background-color":"","background-image":"","background-repeat":"repeat","background-position":"center center","background-size":"auto","background-attachment":"scroll","background-type":"","background-media":"","overlay-type":"","overlay-color":"","overlay-opacity":"","overlay-gradient":""}},"ast-content-background-meta":{"desktop":{"background-color":"var(--ast-global-color-5)","background-image":"","background-repeat":"repeat","background-position":"center center","background-size":"auto","background-attachment":"scroll","background-type":"","background-media":"","overlay-type":"","overlay-color":"","overlay-opacity":"","overlay-gradient":""},"tablet":{"background-color":"var(--ast-global-color-5)","background-image":"","background-repeat":"repeat","background-position":"center center","background-size":"auto","background-attachment":"scroll","background-type":"","background-media":"","overlay-type":"","overlay-color":"","overlay-opacity":"","overlay-gradient":""},"mobile":{"background-color":"var(--ast-global-color-5)","background-image":"","background-repeat":"repeat","background-position":"center center","background-size":"auto","background-attachment":"scroll","background-type":"","background-media":"","overlay-type":"","overlay-color":"","overlay-opacity":"","overlay-gradient":""}}},"product_brand":[],"product_cat":[25],"product_tag":[],"class_list":{"0":"post-5568","1":"product","2":"type-product","3":"status-publish","5":"product_cat-complements","6":"desktop-align-center","7":"tablet-align-center","8":"mobile-align-center","10":"first","11":"instock","12":"taxable","13":"shipping-taxable","14":"product-type-simple"},"aioseo_notices":[],"uagb_featured_image_src":{"full":false,"thumbnail":false,"medium":false,"medium_large":false,"large":false,"1536x1536":false,"2048x2048":false,"trp-custom-language-flag":false,"woocommerce_thumbnail":false,"woocommerce_single":false,"woocommerce_gallery_thumbnail":false,"variation_swatches_image_size":false,"variation_swatches_tooltip_size":false},"uagb_author_info":{"display_name":"Teguimene Furel","author_link":"https:\/\/maatchop.com\/en\/author\/"},"uagb_comment_info":0,"uagb_excerpt":"Le miondo est une sp\u00e9cialit\u00e9 culinaire camerounaise,\u00a0un b\u00e2tonnet de manioc ferment\u00e9 et cuit \u00e0 la vapeur, envelopp\u00e9 dans des feuilles de bananier.\u00a0Il est pr\u00e9par\u00e9 \u00e0 partir de p\u00e2te de manioc ferment\u00e9e, puis fa\u00e7onn\u00e9e en forme de b\u00e2tonnets et cuite \u00e0 l&rsquo;\u00e9touff\u00e9e.\u00a0Le miondo est souvent consomm\u00e9 avec des plats comme le ndol\u00e9, le poisson brais\u00e9, ou&hellip;","_links":{"self":[{"href":"https:\/\/maatchop.com\/en\/wp-json\/wp\/v2\/product\/5568","targetHints":{"allow":["GET"]}}],"collection":[{"href":"https:\/\/maatchop.com\/en\/wp-json\/wp\/v2\/product"}],"about":[{"href":"https:\/\/maatchop.com\/en\/wp-json\/wp\/v2\/types\/product"}],"replies":[{"embeddable":true,"href":"https:\/\/maatchop.com\/en\/wp-json\/wp\/v2\/comments?post=5568"}],"wp:attachment":[{"href":"https:\/\/maatchop.com\/en\/wp-json\/wp\/v2\/media?parent=5568"}],"wp:term":[{"taxonomy":"product_brand","embeddable":true,"href":"https:\/\/maatchop.com\/en\/wp-json\/wp\/v2\/product_brand?post=5568"},{"taxonomy":"product_cat","embeddable":true,"href":"https:\/\/maatchop.com\/en\/wp-json\/wp\/v2\/product_cat?post=5568"},{"taxonomy":"product_tag","embeddable":true,"href":"https:\/\/maatchop.com\/en\/wp-json\/wp\/v2\/product_tag?post=5568"}],"curies":[{"name":"wp","href":"https:\/\/api.w.org\/{rel}","templated":true}]}}