{"id":5503,"date":"2025-06-29T01:24:49","date_gmt":"2025-06-29T01:24:49","guid":{"rendered":"https:\/\/maatchop.com\/?post_type=product&#038;p=5503"},"modified":"2025-07-07T02:11:35","modified_gmt":"2025-07-07T02:11:35","slug":"okok-sucre","status":"publish","type":"product","link":"https:\/\/maatchop.com\/en\/product\/okok-sucre\/","title":{"rendered":"okok sucr\u00e9"},"content":{"rendered":"<p>L&rsquo;okok sucr\u00e9 est un plat camerounais traditionnel, originaire de la r\u00e9gion du Centre, particuli\u00e8rement appr\u00e9ci\u00e9 par le peuple Beti. Il est connu pour sa texture onctueuse et son go\u00fbt unique, r\u00e9sultant d&rsquo;un m\u00e9lange de feuilles d&rsquo;okok (Gnetum africanum), de p\u00e2te d&rsquo;arachide et de jus de noix de palme. On le sert g\u00e9n\u00e9ralement avec du manioc ou des b\u00e2tons de manioc<\/p>","protected":false},"excerpt":{"rendered":"<p>Somptieux plat v\u00e9g\u00e9tarien. Deux accompagnements disponibles: les batons de manioc et tubercules de manioc. Bon app\u00e9tit!<\/p>","protected":false},"featured_media":5724,"comment_status":"closed","ping_status":"closed","template":"","meta":{"_surecart_dashboard_logo_width":"180px","_surecart_dashboard_show_logo":true,"_surecart_dashboard_navigation_orders":true,"_surecart_dashboard_navigation_invoices":true,"_surecart_dashboard_navigation_subscriptions":true,"_surecart_dashboard_navigation_downloads":true,"_surecart_dashboard_navigation_billing":true,"_surecart_dashboard_navigation_account":true,"_uag_custom_page_level_css":"","site-sidebar-layout":"default","site-content-layout":"","ast-site-content-layout":"default","site-content-style":"default","site-sidebar-style":"default","ast-global-header-display":"","ast-banner-title-visibility":"","ast-main-header-display":"","ast-hfb-above-header-display":"","ast-hfb-below-header-display":"","ast-hfb-mobile-header-display":"","site-post-title":"","ast-breadcrumbs-content":"","ast-featured-img":"","footer-sml-layout":"","theme-transparent-header-meta":"default","adv-header-id-meta":"","stick-header-meta":"","header-above-stick-meta":"","header-main-stick-meta":"","header-below-stick-meta":"","astra-migrate-meta-layouts":"set","ast-page-background-enabled":"default","ast-page-background-meta":{"desktop":{"background-color":"","background-image":"","background-repeat":"repeat","background-position":"center center","background-size":"auto","background-attachment":"scroll","background-type":"","background-media":"","overlay-type":"","overlay-color":"","overlay-opacity":"","overlay-gradient":""},"tablet":{"background-color":"","background-image":"","background-repeat":"repeat","background-position":"center center","background-size":"auto","background-attachment":"scroll","background-type":"","background-media":"","overlay-type":"","overlay-color":"","overlay-opacity":"","overlay-gradient":""},"mobile":{"background-color":"","background-image":"","background-repeat":"repeat","background-position":"center center","background-size":"auto","background-attachment":"scroll","background-type":"","background-media":"","overlay-type":"","overlay-color":"","overlay-opacity":"","overlay-gradient":""}},"ast-content-background-meta":{"desktop":{"background-color":"var(--ast-global-color-5)","background-image":"","background-repeat":"repeat","background-position":"center center","background-size":"auto","background-attachment":"scroll","background-type":"","background-media":"","overlay-type":"","overlay-color":"","overlay-opacity":"","overlay-gradient":""},"tablet":{"background-color":"var(--ast-global-color-5)","background-image":"","background-repeat":"repeat","background-position":"center center","background-size":"auto","background-attachment":"scroll","background-type":"","background-media":"","overlay-type":"","overlay-color":"","overlay-opacity":"","overlay-gradient":""},"mobile":{"background-color":"var(--ast-global-color-5)","background-image":"","background-repeat":"repeat","background-position":"center center","background-size":"auto","background-attachment":"scroll","background-type":"","background-media":"","overlay-type":"","overlay-color":"","overlay-opacity":"","overlay-gradient":""}}},"product_brand":[],"product_cat":[15,23],"product_tag":[],"class_list":{"0":"post-5503","1":"product","2":"type-product","3":"status-publish","4":"has-post-thumbnail","6":"product_cat-menu","7":"product_cat-plats-vegetariens","8":"desktop-align-center","9":"tablet-align-center","10":"mobile-align-center","12":"first","13":"instock","14":"taxable","15":"shipping-taxable","16":"purchasable","17":"product-type-simple"},"aioseo_notices":[],"uagb_featured_image_src":{"full":["https:\/\/maatchop.com\/wp-content\/uploads\/2025\/06\/20250706_204903-scaled.jpg",1409,2560,false],"thumbnail":["https:\/\/maatchop.com\/wp-content\/uploads\/2025\/06\/20250706_204903-150x150.jpg",150,150,true],"medium":["https:\/\/maatchop.com\/wp-content\/uploads\/2025\/06\/20250706_204903-165x300.jpg",165,300,true],"medium_large":["https:\/\/maatchop.com\/wp-content\/uploads\/2025\/06\/20250706_204903-768x1396.jpg",768,1396,true],"large":["https:\/\/maatchop.com\/wp-content\/uploads\/2025\/06\/20250706_204903-564x1024.jpg",564,1024,true],"1536x1536":["https:\/\/maatchop.com\/wp-content\/uploads\/2025\/06\/20250706_204903-845x1536.jpg",845,1536,true],"2048x2048":["https:\/\/maatchop.com\/wp-content\/uploads\/2025\/06\/20250706_204903-1127x2048.jpg",1127,2048,true],"trp-custom-language-flag":["https:\/\/maatchop.com\/wp-content\/uploads\/2025\/06\/20250706_204903-7x12.jpg",7,12,true],"woocommerce_thumbnail":["https:\/\/maatchop.com\/wp-content\/uploads\/2025\/06\/20250706_204903-300x300.jpg",300,300,true],"woocommerce_single":["https:\/\/maatchop.com\/wp-content\/uploads\/2025\/06\/20250706_204903-scaled-600x1090.jpg",600,1090,true],"woocommerce_gallery_thumbnail":["https:\/\/maatchop.com\/wp-content\/uploads\/2025\/06\/20250706_204903-scaled-100x100.jpg",100,100,true],"variation_swatches_image_size":["https:\/\/maatchop.com\/wp-content\/uploads\/2025\/06\/20250706_204903-scaled.jpg",28,50,false],"variation_swatches_tooltip_size":["https:\/\/maatchop.com\/wp-content\/uploads\/2025\/06\/20250706_204903-scaled.jpg",55,100,false]},"uagb_author_info":{"display_name":"Teguimene Furel","author_link":"https:\/\/maatchop.com\/en\/author\/"},"uagb_comment_info":0,"uagb_excerpt":"Somptieux plat v\u00e9g\u00e9tarien. Deux accompagnements disponibles: les batons de manioc et tubercules de manioc. Bon app\u00e9tit!","_links":{"self":[{"href":"https:\/\/maatchop.com\/en\/wp-json\/wp\/v2\/product\/5503","targetHints":{"allow":["GET"]}}],"collection":[{"href":"https:\/\/maatchop.com\/en\/wp-json\/wp\/v2\/product"}],"about":[{"href":"https:\/\/maatchop.com\/en\/wp-json\/wp\/v2\/types\/product"}],"replies":[{"embeddable":true,"href":"https:\/\/maatchop.com\/en\/wp-json\/wp\/v2\/comments?post=5503"}],"wp:featuredmedia":[{"embeddable":true,"href":"https:\/\/maatchop.com\/en\/wp-json\/wp\/v2\/media\/5724"}],"wp:attachment":[{"href":"https:\/\/maatchop.com\/en\/wp-json\/wp\/v2\/media?parent=5503"}],"wp:term":[{"taxonomy":"product_brand","embeddable":true,"href":"https:\/\/maatchop.com\/en\/wp-json\/wp\/v2\/product_brand?post=5503"},{"taxonomy":"product_cat","embeddable":true,"href":"https:\/\/maatchop.com\/en\/wp-json\/wp\/v2\/product_cat?post=5503"},{"taxonomy":"product_tag","embeddable":true,"href":"https:\/\/maatchop.com\/en\/wp-json\/wp\/v2\/product_tag?post=5503"}],"curies":[{"name":"wp","href":"https:\/\/api.w.org\/{rel}","templated":true}]}}