{"id":3680,"date":"2025-06-11T16:37:09","date_gmt":"2025-06-11T16:37:09","guid":{"rendered":"https:\/\/maatchop.com\/product\/fresh-orange-juice\/"},"modified":"2025-08-01T12:36:15","modified_gmt":"2025-08-01T12:36:15","slug":"fresh-orange-juice","status":"publish","type":"product","link":"https:\/\/maatchop.com\/en\/product\/fresh-orange-juice\/","title":{"rendered":"Waterfufu\/Gari et Eru"},"content":{"rendered":"<h2>D\u00e9couvrez le Waterfufu et le Eru<\/h2>\n<p>Le Waterfufu &amp; Eru est un plat embl\u00e9matique de la cuisine camerounaise, en particulier issus de la r\u00e9gion de Manyu, situ\u00e9e dans le Sud-Ouest du pays. Offrant une exp\u00e9rience culinaire unique, ce duo est non seulement savoureux, mais \u00e9galement ancr\u00e9 dans la culture locale.<\/p>\n<h2>Un M\u00e9lange de Saveurs et de Traditions<\/h2>\n<p>Le Eru, sp\u00e9cialit\u00e9 du peuple Bayangi, est un saut\u00e9 de l\u00e9gumes, se marie parfaitement avec le Waterfufu, un plat \u00e0 base de manioc ferment\u00e9. Ce dernier est pr\u00e9par\u00e9 avec soin pour garantir une texture lisse qui accompagne parfaitement le go\u00fbt riche du Eru. Les l\u00e9gumes utilis\u00e9s pour le Eru peuvent inclure des \u00e9pinards ou d&rsquo;autres types de feuillages locaux, apportant couleur et nutriments \u00e0 l&rsquo;assiette. le Eru est compos\u00e9 de feuilles d&rsquo;okok finement d\u00e9coup\u00e9s, de waterleaf ou \u00e9pinards, de l&rsquo;huile de palme rouge, des \u00e9crevisses, de poisson fum\u00e9, de chaire et de peaux de boeuf. Parfois on peux y rajout\u00e9 des tripes de boeuf.<\/p>\n<h2>Une Alternative D\u00e9licieuse<\/h2>\n<p>En plus d&rsquo;\u00eatre d\u00e9licieux avec le Waterfufu, le Eru peut \u00e9galement \u00eatre d\u00e9gust\u00e9 avec du tapioca, \u00e9galement pr\u00e9par\u00e9 \u00e0 partir de manioc s\u00e9ch\u00e9. Cette combinaison offre une variation qui plaira \u00e0 ceux qui souhaitent explorer davantage la gastronomie camerounaise. Que vous soyez nostalgique des saveurs du pays ou simplement curieux d&rsquo;essayer un nouveau plat, le Waterfufu et le Eru sont une exp\u00e9rience incontournable.<\/p>","protected":false},"excerpt":{"rendered":"<p>compl\u00e9ments disponibles: waterfufu, gari et placali<\/p>\n<p>Le Waterfufu &amp; Eru est un plat embl\u00e9matique de la cuisine camerounaise, en particulier issus de la r\u00e9gion de Manyu, situ\u00e9e dans le Sud-Ouest du pays. Offrant une exp\u00e9rience culinaire unique, ce duo est non seulement savoureux, mais \u00e9galement ancr\u00e9 dans la culture locale.<\/p>","protected":false},"featured_media":5810,"comment_status":"open","ping_status":"closed","template":"","meta":{"_surecart_dashboard_logo_width":"180px","_surecart_dashboard_show_logo":true,"_surecart_dashboard_navigation_orders":true,"_surecart_dashboard_navigation_invoices":true,"_surecart_dashboard_navigation_subscriptions":true,"_surecart_dashboard_navigation_downloads":true,"_surecart_dashboard_navigation_billing":true,"_surecart_dashboard_navigation_account":true,"_uag_custom_page_level_css":"","site-sidebar-layout":"default","site-content-layout":"default","ast-site-content-layout":"default","site-content-style":"default","site-sidebar-style":"default","ast-global-header-display":"","ast-banner-title-visibility":"","ast-main-header-display":"","ast-hfb-above-header-display":"","ast-hfb-below-header-display":"","ast-hfb-mobile-header-display":"","site-post-title":"","ast-breadcrumbs-content":"","ast-featured-img":"","footer-sml-layout":"","theme-transparent-header-meta":"default","adv-header-id-meta":"","stick-header-meta":"","header-above-stick-meta":"","header-main-stick-meta":"","header-below-stick-meta":"","astra-migrate-meta-layouts":"set","ast-page-background-enabled":"default","ast-page-background-meta":{"desktop":{"background-color":"","background-image":"","background-repeat":"repeat","background-position":"center center","background-size":"auto","background-attachment":"scroll","background-type":"","background-media":"","overlay-type":"","overlay-color":"","overlay-opacity":"","overlay-gradient":""},"tablet":{"background-color":"","background-image":"","background-repeat":"repeat","background-position":"center center","background-size":"auto","background-attachment":"scroll","background-type":"","background-media":"","overlay-type":"","overlay-color":"","overlay-opacity":"","overlay-gradient":""},"mobile":{"background-color":"","background-image":"","background-repeat":"repeat","background-position":"center center","background-size":"auto","background-attachment":"scroll","background-type":"","background-media":"","overlay-type":"","overlay-color":"","overlay-opacity":"","overlay-gradient":""}},"ast-content-background-meta":{"desktop":{"background-color":"var(--ast-global-color-5)","background-image":"","background-repeat":"repeat","background-position":"center center","background-size":"auto","background-attachment":"scroll","background-type":"","background-media":"","overlay-type":"","overlay-color":"","overlay-opacity":"","overlay-gradient":""},"tablet":{"background-color":"var(--ast-global-color-5)","background-image":"","background-repeat":"repeat","background-position":"center center","background-size":"auto","background-attachment":"scroll","background-type":"","background-media":"","overlay-type":"","overlay-color":"","overlay-opacity":"","overlay-gradient":""},"mobile":{"background-color":"var(--ast-global-color-5)","background-image":"","background-repeat":"repeat","background-position":"center center","background-size":"auto","background-attachment":"scroll","background-type":"","background-media":"","overlay-type":"","overlay-color":"","overlay-opacity":"","overlay-gradient":""}}},"product_brand":[],"product_cat":[15],"product_tag":[],"class_list":{"0":"post-3680","1":"product","2":"type-product","3":"status-publish","4":"has-post-thumbnail","6":"product_cat-menu","7":"desktop-align-center","8":"tablet-align-center","9":"mobile-align-center","11":"first","12":"instock","13":"taxable","14":"shipping-taxable","15":"purchasable","16":"product-type-simple"},"aioseo_notices":[],"uagb_featured_image_src":{"full":["https:\/\/maatchop.com\/wp-content\/uploads\/2025\/06\/20250719_204040.jpg",1588,1860,false],"thumbnail":["https:\/\/maatchop.com\/wp-content\/uploads\/2025\/06\/20250719_204040-150x150.jpg",150,150,true],"medium":["https:\/\/maatchop.com\/wp-content\/uploads\/2025\/06\/20250719_204040-256x300.jpg",256,300,true],"medium_large":["https:\/\/maatchop.com\/wp-content\/uploads\/2025\/06\/20250719_204040-768x900.jpg",768,900,true],"large":["https:\/\/maatchop.com\/wp-content\/uploads\/2025\/06\/20250719_204040-874x1024.jpg",874,1024,true],"1536x1536":["https:\/\/maatchop.com\/wp-content\/uploads\/2025\/06\/20250719_204040-1311x1536.jpg",1311,1536,true],"2048x2048":["https:\/\/maatchop.com\/wp-content\/uploads\/2025\/06\/20250719_204040.jpg",1588,1860,false],"trp-custom-language-flag":["https:\/\/maatchop.com\/wp-content\/uploads\/2025\/06\/20250719_204040-10x12.jpg",10,12,true],"woocommerce_thumbnail":["https:\/\/maatchop.com\/wp-content\/uploads\/2025\/06\/20250719_204040-600x600.jpg",300,300,true],"woocommerce_single":["https:\/\/maatchop.com\/wp-content\/uploads\/2025\/06\/20250719_204040-600x703.jpg",600,703,true],"woocommerce_gallery_thumbnail":["https:\/\/maatchop.com\/wp-content\/uploads\/2025\/06\/20250719_204040-100x100.jpg",100,100,true],"variation_swatches_image_size":["https:\/\/maatchop.com\/wp-content\/uploads\/2025\/06\/20250719_204040.jpg",43,50,false],"variation_swatches_tooltip_size":["https:\/\/maatchop.com\/wp-content\/uploads\/2025\/06\/20250719_204040.jpg",85,100,false]},"uagb_author_info":{"display_name":"Teguimene Furel","author_link":"https:\/\/maatchop.com\/en\/author\/"},"uagb_comment_info":0,"uagb_excerpt":"compl\u00e9ments disponibles: waterfufu, gari et placali Le Waterfufu &amp; Eru est un plat embl\u00e9matique de la cuisine camerounaise, en particulier issus de la r\u00e9gion de Manyu, situ\u00e9e dans le Sud-Ouest du pays. Offrant une exp\u00e9rience culinaire unique, ce duo est non seulement savoureux, mais \u00e9galement ancr\u00e9 dans la culture locale.","_links":{"self":[{"href":"https:\/\/maatchop.com\/en\/wp-json\/wp\/v2\/product\/3680","targetHints":{"allow":["GET"]}}],"collection":[{"href":"https:\/\/maatchop.com\/en\/wp-json\/wp\/v2\/product"}],"about":[{"href":"https:\/\/maatchop.com\/en\/wp-json\/wp\/v2\/types\/product"}],"replies":[{"embeddable":true,"href":"https:\/\/maatchop.com\/en\/wp-json\/wp\/v2\/comments?post=3680"}],"wp:featuredmedia":[{"embeddable":true,"href":"https:\/\/maatchop.com\/en\/wp-json\/wp\/v2\/media\/5810"}],"wp:attachment":[{"href":"https:\/\/maatchop.com\/en\/wp-json\/wp\/v2\/media?parent=3680"}],"wp:term":[{"taxonomy":"product_brand","embeddable":true,"href":"https:\/\/maatchop.com\/en\/wp-json\/wp\/v2\/product_brand?post=3680"},{"taxonomy":"product_cat","embeddable":true,"href":"https:\/\/maatchop.com\/en\/wp-json\/wp\/v2\/product_cat?post=3680"},{"taxonomy":"product_tag","embeddable":true,"href":"https:\/\/maatchop.com\/en\/wp-json\/wp\/v2\/product_tag?post=3680"}],"curies":[{"name":"wp","href":"https:\/\/api.w.org\/{rel}","templated":true}]}}