{"id":3677,"date":"2025-06-11T16:37:09","date_gmt":"2025-06-11T16:37:09","guid":{"rendered":"https:\/\/maatchop.com\/product\/fresh-organic-honey\/"},"modified":"2025-07-01T12:37:26","modified_gmt":"2025-07-01T12:37:26","slug":"fresh-organic-honey","status":"publish","type":"product","link":"https:\/\/maatchop.com\/en\/product\/fresh-organic-honey\/","title":{"rendered":"cr\u00eapes"},"content":{"rendered":"<h2>D\u00e9couvrez la Magie des Cr\u00eapes<\/h2>\n<p>Les cr\u00eapes, ces d\u00e9licieuses galettes fines au go\u00fbt inoubliable, sont un v\u00e9ritable voyage culinaire. \u00c9labor\u00e9es \u00e0 partir d&rsquo;une p\u00e2te simple mais raffin\u00e9e, compos\u00e9e de farine, d&rsquo;\u0153ufs et de lait, elles sont le reflet d&rsquo;un savoir-faire traditionnel. Que vous soyez en qu\u00eate d&rsquo;une pause sucr\u00e9e ou d&rsquo;une exp\u00e9rience sal\u00e9e, nos cr\u00eapes vous promettent une explosion de saveurs \u00e0 chaque bouch\u00e9e.<\/p>\n<h2>Un D\u00e9lice pour Tous les Go\u00fbts<\/h2>\n<p>Nos cr\u00eapes peuvent \u00eatre savour\u00e9es de multiples fa\u00e7ons : en version sucr\u00e9e, elles se marient parfaitement avec des garnitures comme le chocolat, la confiture ou encore la cr\u00e8me chantilly. Pour les amateurs de saveurs sal\u00e9es, des options garnies de jambon, de fromage ou de l\u00e9gumes sont \u00e9galement possible. Chaque cr\u00eape est con\u00e7ue pour satisfaire tous les palais, des plus gourmands aux plus raffin\u00e9s.<\/p>\n<h2>Un H\u00e9ritage Culinaires \u00e0 Partager<\/h2>\n<p>Originaire de la belle r\u00e9gion de Bretagne, les cr\u00eapes sont une sp\u00e9cialit\u00e9 qui a transcend\u00e9 le plaisir gustatif pour devenir un v\u00e9ritable symbole de convivialit\u00e9. Leur riche histoire remonte \u00e0 la pr\u00e9histoire, et elles sont d\u00e9sormais appr\u00e9ci\u00e9es \u00e0 travers la France et au-del\u00e0. En offrant une cr\u00eape, vous partagez bien plus qu&rsquo;un simple plat ; vous offrez un moment de partage et de bonheur. Testez nos cr\u00eapes et red\u00e9couvrez le plaisir de la gastronomie fran\u00e7aise, o\u00f9 tradition et modernit\u00e9 se rencontrent dans un d\u00e9lice \u00e0 savourer sans mod\u00e9ration.<\/p>","protected":false},"excerpt":{"rendered":"<p>12 cr\u00eapes natures sucr\u00e9es ou 10 \u00e0 la poudre de cacao et chocolat<\/p>","protected":false},"featured_media":5427,"comment_status":"open","ping_status":"closed","template":"","meta":{"_surecart_dashboard_logo_width":"180px","_surecart_dashboard_show_logo":true,"_surecart_dashboard_navigation_orders":true,"_surecart_dashboard_navigation_invoices":true,"_surecart_dashboard_navigation_subscriptions":true,"_surecart_dashboard_navigation_downloads":true,"_surecart_dashboard_navigation_billing":true,"_surecart_dashboard_navigation_account":true,"_uag_custom_page_level_css":"","site-sidebar-layout":"default","site-content-layout":"default","ast-site-content-layout":"default","site-content-style":"default","site-sidebar-style":"default","ast-global-header-display":"","ast-banner-title-visibility":"","ast-main-header-display":"","ast-hfb-above-header-display":"","ast-hfb-below-header-display":"","ast-hfb-mobile-header-display":"","site-post-title":"","ast-breadcrumbs-content":"","ast-featured-img":"","footer-sml-layout":"","theme-transparent-header-meta":"default","adv-header-id-meta":"","stick-header-meta":"","header-above-stick-meta":"","header-main-stick-meta":"","header-below-stick-meta":"","astra-migrate-meta-layouts":"set","ast-page-background-enabled":"default","ast-page-background-meta":{"desktop":{"background-color":"","background-image":"","background-repeat":"repeat","background-position":"center center","background-size":"auto","background-attachment":"scroll","background-type":"","background-media":"","overlay-type":"","overlay-color":"","overlay-opacity":"","overlay-gradient":""},"tablet":{"background-color":"","background-image":"","background-repeat":"repeat","background-position":"center center","background-size":"auto","background-attachment":"scroll","background-type":"","background-media":"","overlay-type":"","overlay-color":"","overlay-opacity":"","overlay-gradient":""},"mobile":{"background-color":"","background-image":"","background-repeat":"repeat","background-position":"center center","background-size":"auto","background-attachment":"scroll","background-type":"","background-media":"","overlay-type":"","overlay-color":"","overlay-opacity":"","overlay-gradient":""}},"ast-content-background-meta":{"desktop":{"background-color":"var(--ast-global-color-5)","background-image":"","background-repeat":"repeat","background-position":"center center","background-size":"auto","background-attachment":"scroll","background-type":"","background-media":"","overlay-type":"","overlay-color":"","overlay-opacity":"","overlay-gradient":""},"tablet":{"background-color":"var(--ast-global-color-5)","background-image":"","background-repeat":"repeat","background-position":"center center","background-size":"auto","background-attachment":"scroll","background-type":"","background-media":"","overlay-type":"","overlay-color":"","overlay-opacity":"","overlay-gradient":""},"mobile":{"background-color":"var(--ast-global-color-5)","background-image":"","background-repeat":"repeat","background-position":"center center","background-size":"auto","background-attachment":"scroll","background-type":"","background-media":"","overlay-type":"","overlay-color":"","overlay-opacity":"","overlay-gradient":""}}},"product_brand":[],"product_cat":[26],"product_tag":[],"class_list":{"0":"post-3677","1":"product","2":"type-product","3":"status-publish","4":"has-post-thumbnail","6":"product_cat-encas-ptits-plaisirs","7":"desktop-align-center","8":"tablet-align-center","9":"mobile-align-center","11":"first","12":"instock","13":"taxable","14":"shipping-taxable","15":"purchasable","16":"product-type-simple"},"aioseo_notices":[],"uagb_featured_image_src":{"full":["https:\/\/maatchop.com\/wp-content\/uploads\/2025\/06\/1000258104-removebg-preview.png",290,400,false],"thumbnail":["https:\/\/maatchop.com\/wp-content\/uploads\/2025\/06\/1000258104-removebg-preview-150x150.png",150,150,true],"medium":["https:\/\/maatchop.com\/wp-content\/uploads\/2025\/06\/1000258104-removebg-preview-218x300.png",218,300,true],"medium_large":["https:\/\/maatchop.com\/wp-content\/uploads\/2025\/06\/1000258104-removebg-preview.png",290,400,false],"large":["https:\/\/maatchop.com\/wp-content\/uploads\/2025\/06\/1000258104-removebg-preview.png",290,400,false],"1536x1536":["https:\/\/maatchop.com\/wp-content\/uploads\/2025\/06\/1000258104-removebg-preview.png",290,400,false],"2048x2048":["https:\/\/maatchop.com\/wp-content\/uploads\/2025\/06\/1000258104-removebg-preview.png",290,400,false],"trp-custom-language-flag":["https:\/\/maatchop.com\/wp-content\/uploads\/2025\/06\/1000258104-removebg-preview-9x12.png",9,12,true],"woocommerce_thumbnail":["https:\/\/maatchop.com\/wp-content\/uploads\/2025\/06\/1000258104-removebg-preview-290x300.png",290,300,true],"woocommerce_single":["https:\/\/maatchop.com\/wp-content\/uploads\/2025\/06\/1000258104-removebg-preview.png",290,400,false],"woocommerce_gallery_thumbnail":["https:\/\/maatchop.com\/wp-content\/uploads\/2025\/06\/1000258104-removebg-preview-100x100.png",100,100,true],"variation_swatches_image_size":["https:\/\/maatchop.com\/wp-content\/uploads\/2025\/06\/1000258104-removebg-preview.png",36,50,false],"variation_swatches_tooltip_size":["https:\/\/maatchop.com\/wp-content\/uploads\/2025\/06\/1000258104-removebg-preview.png",73,100,false]},"uagb_author_info":{"display_name":"Teguimene Furel","author_link":"https:\/\/maatchop.com\/en\/author\/"},"uagb_comment_info":0,"uagb_excerpt":"12 cr\u00eapes natures sucr\u00e9es ou 10 \u00e0 la poudre de cacao et chocolat","_links":{"self":[{"href":"https:\/\/maatchop.com\/en\/wp-json\/wp\/v2\/product\/3677","targetHints":{"allow":["GET"]}}],"collection":[{"href":"https:\/\/maatchop.com\/en\/wp-json\/wp\/v2\/product"}],"about":[{"href":"https:\/\/maatchop.com\/en\/wp-json\/wp\/v2\/types\/product"}],"replies":[{"embeddable":true,"href":"https:\/\/maatchop.com\/en\/wp-json\/wp\/v2\/comments?post=3677"}],"wp:featuredmedia":[{"embeddable":true,"href":"https:\/\/maatchop.com\/en\/wp-json\/wp\/v2\/media\/5427"}],"wp:attachment":[{"href":"https:\/\/maatchop.com\/en\/wp-json\/wp\/v2\/media?parent=3677"}],"wp:term":[{"taxonomy":"product_brand","embeddable":true,"href":"https:\/\/maatchop.com\/en\/wp-json\/wp\/v2\/product_brand?post=3677"},{"taxonomy":"product_cat","embeddable":true,"href":"https:\/\/maatchop.com\/en\/wp-json\/wp\/v2\/product_cat?post=3677"},{"taxonomy":"product_tag","embeddable":true,"href":"https:\/\/maatchop.com\/en\/wp-json\/wp\/v2\/product_tag?post=3677"}],"curies":[{"name":"wp","href":"https:\/\/api.w.org\/{rel}","templated":true}]}}